{"id":10108,"date":"2023-09-27T13:51:30","date_gmt":"2023-09-27T12:51:30","guid":{"rendered":"https:\/\/www.hgeendracht.nl\/?page_id=10108"},"modified":"2026-02-20T09:27:16","modified_gmt":"2026-02-20T08:27:16","slug":"over-hge-2","status":"publish","type":"page","link":"https:\/\/www.hgeendracht.nl\/index.php\/over-hge-2\/","title":{"rendered":"Over HGE"},"content":{"rendered":"<p>[vc_row][vc_column][vc_empty_space height=&#8221;64px&#8221;][\/vc_column][\/vc_row][vc_row row_content_width=&#8221;grid&#8221;][vc_column width=&#8221;2\/3&#8243;][vc_custom_heading text=&#8221;Huisartsen Groep Eendracht,<br \/>\nop de grens van Brabant en Zeeland&#8221; font_container=&#8221;tag:h1|text_align:left&#8221; use_theme_fonts=&#8221;yes&#8221;][vc_column_text]Huisartsen Groep Eendracht (HGE) \u201cHuisartsenzorg op de grens van Brabant en Zeeland\u201d is in het najaar van 2022 opgericht door 15 ondernemende en bevlogen, praktijk houdende huisartsen in de regio Bergen op Zoom, Roosendaal en Tholen.<\/p>\n<p>Zij maken zich sterk voor een toekomstbestendige huisartsenzorg van, voor en door huisartsen, in samenwerking met de betrokken netwerkpartners in de regio West-Brabant.<\/p>\n<p>De HGE leden committeren zich aan het HGE-lidmaatschap met de daar bijhorende toetredingseisen. Dit is het fundament van gezamenlijk draagvlak en betrokkenheid van de gehele huisartsengroep. Van, voor en door de huisartsen![\/vc_column_text][vc_empty_space][vc_custom_heading text=&#8221;Waar we voor staan!&#8221; font_container=&#8221;tag:h3|text_align:left&#8221; use_theme_fonts=&#8221;yes&#8221; css=&#8221;.vc_custom_1695819289217{margin-bottom: 20px !important;}&#8221;][vc_column_text]De naam HGE is ontstaan uit de gezamenlijke kracht en ambities van de leden op het gebied van gezondheid en welzijn in West-Brabant en Tholen.<\/p>\n<p>Elk lid voert zijn of haar eigen praktijk, en waar gezamenlijk kan worden georganiseerd blijft er meer ruimte over voor het belangrijkste deel van de huisartsenzorg: de zorg voor de pati\u00ebnt.<\/p>\n<blockquote>\n<h4><strong>Eendracht<\/strong> betekent <em>\u00b4gelijkgestemdheid&#8217; of met \u2018eenzelfde opvatting of visie\u2019<\/em>.<\/h4>\n<h4><strong>Eendracht<\/strong> verwijst tevens naar de <em>rivier die het eiland Tholen met Noord-Brabant verbindt.<\/em><\/h4>\n<\/blockquote>\n<p>[\/vc_column_text][vc_empty_space height=&#8221;64px&#8221;][\/vc_column][vc_column width=&#8221;1\/3&#8243;][\/vc_column][\/vc_row][vc_row gap=&#8221;20&#8243; row_content_width=&#8221;grid&#8221; css=&#8221;.vc_custom_1684934409166{padding-right: 30px !important;padding-bottom: 30px !important;padding-left: 30px !important;background-color: #e6edf4 !important;border-radius: 30px !important;}&#8221;][vc_column][vc_custom_heading text=&#8221;Welke praktijken zijn lid van HGE&#8221; use_theme_fonts=&#8221;yes&#8221; css=&#8221;.vc_custom_1684933865174{margin-bottom: 32px !important;}&#8221;][vc_row_inner content_placement=&#8221;top&#8221; gap=&#8221;5&#8243; row_content_width=&#8221;grid&#8221; content_text_aligment=&#8221;left&#8221;][vc_column_inner width=&#8221;1\/2&#8243;][vc_column_text]<strong><a href=\"https:\/\/huisartsenpraktijkbrabantsewal.nl\/\">Huisartsenpraktijk Brabantse Wal\u00a0<\/a><\/strong><\/p>\n<p>Huisartsen Groep Eendracht (HGE)<\/p>\n<p><strong><a href=\"https:\/\/www.mcdedorpsdokter.nl\">Medisch Centrum de Dorpsdokter<\/a><\/strong><\/p>\n<p>Huisarts Kuijlen<\/p>\n<p><a href=\"https:\/\/www.mc-depoort.nl\/\"><strong>Medisch Centrum de Poort <\/strong><\/a><\/p>\n<p>Huisarts Behets\u00a0 \u00a0 \u00a0 \u00a0 \u00a0 \u00a0 \u00a0 \u00a0 \u00a0 \u00a0 \u00a0 \u00a0 \u00a0 Huisarts Hardeman<\/p>\n<p>Huisarts Beysens \u00a0 \u00a0 \u00a0 \u00a0 \u00a0 \u00a0 \u00a0 \u00a0 \u00a0 \u00a0 \u00a0 \u00a0Huisarts de Mul<\/p>\n<p>Huisarts Molleman\u00a0 \u00a0 \u00a0 \u00a0 \u00a0 \u00a0 \u00a0 \u00a0 \u00a0 \u00a0 Huisarts van de Munckhof<\/p>\n<p>Huisarts Schalkoord<\/p>\n<p><a href=\"https:\/\/praktijkvanrijn.praktijkinfo.nl\/\"><strong>Huisartsenpraktijk van Rijn<\/strong><\/a><\/p>\n<p>Huisarts van Rijn<\/p>\n<p><a href=\"https:\/\/www.mcoudvossemeer.nl\/\"><strong>Medisch Centrum Oud-Vossemeer<\/strong><\/a><\/p>\n<p>Huisarts Slokkers<\/p>\n<p><strong><a href=\"https:\/\/huisartspraktijksadijo.uwartsonline.nl\/\">Huisartsenpraktijk Sadijo<\/a><\/strong><\/p>\n<p>Huisarts Sadijo<\/p>\n<p><a href=\"https:\/\/praktijkschaepmanlaan.nl\/\"><strong>Huisartsenpraktijk Schaepmanlaan <\/strong><\/a><\/p>\n<p>Huisarts Hobbelen<\/p>\n<p>Huisarts Loukes<\/p>\n<p>Huisarts Maatjens[\/vc_column_text][\/vc_column_inner][vc_column_inner width=&#8221;1\/2&#8243;][vc_column_text css=&#8221;.vc_custom_1705653136500{margin-right: 30px !important;}&#8221;][\/vc_column_text][\/vc_column_inner][\/vc_row_inner][\/vc_column][\/vc_row][vc_row][vc_column][vc_empty_space][\/vc_column][\/vc_row][vc_row row_content_width=&#8221;grid&#8221;][vc_column width=&#8221;2\/3&#8243;][vc_custom_heading text=&#8221;Missie&#8221; font_container=&#8221;tag:h3|text_align:left&#8221; use_theme_fonts=&#8221;yes&#8221; css=&#8221;.vc_custom_1684934260919{margin-bottom: 20px !important;}&#8221;][vc_column_text]De (huisartsen)zorg zal aankomende jaren oog in oog komen te staan met complexe uitdagingen. De intensiteit van de zorgvraag zal gaan toenemen, in een periode waarbij relatief veel huisartsen in onze regio met pensioen gaan.<\/p>\n<blockquote>\n<h4><em>Betrouwbare, zinnige en persoonsgerichte zorg leveren aan de pati\u00ebnt waarbij het welzijn en zelfredzaamheid van de pati\u00ebnt positief wordt be\u00efnvloed, en de positie van de huisartsenzorg wordt behouden, versterkt en voldoende gewaardeerd.<\/em><\/h4>\n<\/blockquote>\n<p>HGE heeft een duidelijke koers voor de toekomst van de huisartsenzorg, met 2 belangrijke hoofddoelstellingen.<\/p>\n<blockquote>\n<h4>Iedereen een huisarts!<\/h4>\n<\/blockquote>\n<blockquote>\n<h4>Persoonsgerichte zorg voor iedereen<\/h4>\n<\/blockquote>\n<p>[\/vc_column_text][vc_empty_space height=&#8221;64px&#8221;][\/vc_column][vc_column width=&#8221;1\/3&#8243;][vc_custom_heading text=&#8221;Bestuur&#8221; font_container=&#8221;tag:h3|text_align:left&#8221; use_theme_fonts=&#8221;yes&#8221; css=&#8221;.vc_custom_1684934267835{margin-bottom: 20px !important;}&#8221;][vc_column_text]Huisarts van Broekhoven<\/p>\n<p>Huisarts Hardeman, voorzitter<\/p>\n<p>Huisarts Hobbelen<\/p>\n<p>Huisarts Kuijlen<\/p>\n<p>Huisarts van Rijn<\/p>\n<p>J. Suijkerbuijk, manager Co\u00f6peratie HGE[\/vc_column_text][\/vc_column][\/vc_row]<\/p>\n","protected":false},"excerpt":{"rendered":"<p>[vc_row][vc_column][vc_empty_space height=&#8221;64px&#8221;][\/vc_column][\/vc_row][vc_row row_content_width=&#8221;grid&#8221;][vc_column width=&#8221;2\/3&#8243;][vc_custom_heading text=&#8221;Huisartsen Groep Eendracht, op de grens van Brabant en Zeeland&#8221; font_container=&#8221;tag:h1|text_align:left&#8221; use_theme_fonts=&#8221;yes&#8221;][vc_column_text]Huisartsen Groep Eendracht (HGE) \u201cHuisartsenzorg op de grens van Brabant en Zeeland\u201d is in het najaar van 2022 opgericht door 15 ondernemende en bevlogen, praktijk [&hellip;]<\/p>\n","protected":false},"author":1,"featured_media":0,"parent":0,"menu_order":0,"comment_status":"closed","ping_status":"closed","template":"full-width.php","meta":{"footnotes":""},"class_list":["post-10108","page","type-page","status-publish","hentry"],"_links":{"self":[{"href":"https:\/\/www.hgeendracht.nl\/index.php\/wp-json\/wp\/v2\/pages\/10108","targetHints":{"allow":["GET"]}}],"collection":[{"href":"https:\/\/www.hgeendracht.nl\/index.php\/wp-json\/wp\/v2\/pages"}],"about":[{"href":"https:\/\/www.hgeendracht.nl\/index.php\/wp-json\/wp\/v2\/types\/page"}],"author":[{"embeddable":true,"href":"https:\/\/www.hgeendracht.nl\/index.php\/wp-json\/wp\/v2\/users\/1"}],"replies":[{"embeddable":true,"href":"https:\/\/www.hgeendracht.nl\/index.php\/wp-json\/wp\/v2\/comments?post=10108"}],"version-history":[{"count":9,"href":"https:\/\/www.hgeendracht.nl\/index.php\/wp-json\/wp\/v2\/pages\/10108\/revisions"}],"predecessor-version":[{"id":10433,"href":"https:\/\/www.hgeendracht.nl\/index.php\/wp-json\/wp\/v2\/pages\/10108\/revisions\/10433"}],"wp:attachment":[{"href":"https:\/\/www.hgeendracht.nl\/index.php\/wp-json\/wp\/v2\/media?parent=10108"}],"curies":[{"name":"wp","href":"https:\/\/api.w.org\/{rel}","templated":true}]}}